{"id":2727,"date":"2023-05-22T15:44:08","date_gmt":"2023-05-22T12:44:08","guid":{"rendered":"https:\/\/gocekjourney.com\/?page_id=2727"},"modified":"2025-02-03T12:47:24","modified_gmt":"2025-02-03T09:47:24","slug":"concierge","status":"publish","type":"page","link":"https:\/\/gocekjourney.com\/en\/concierge\/","title":{"rendered":"Concierge"},"content":{"rendered":"<div data-elementor-type=\"wp-page\" data-elementor-id=\"2727\" class=\"elementor elementor-2727\" data-elementor-post-type=\"page\">\n\t\t\t\t<div class=\"elementor-element elementor-element-88d1317 e-con-full e-flex e-con e-parent\" data-id=\"88d1317\" data-element_type=\"container\" data-e-type=\"container\" data-settings=\"{&quot;jet_parallax_layout_list&quot;:[{&quot;jet_parallax_layout_image&quot;:{&quot;url&quot;:&quot;&quot;,&quot;id&quot;:&quot;&quot;,&quot;size&quot;:&quot;&quot;},&quot;_id&quot;:&quot;8170dfa&quot;,&quot;jet_parallax_layout_image_tablet&quot;:{&quot;url&quot;:&quot;&quot;,&quot;id&quot;:&quot;&quot;,&quot;size&quot;:&quot;&quot;},&quot;jet_parallax_layout_image_mobile&quot;:{&quot;url&quot;:&quot;&quot;,&quot;id&quot;:&quot;&quot;,&quot;size&quot;:&quot;&quot;},&quot;jet_parallax_layout_speed&quot;:{&quot;unit&quot;:&quot;%&quot;,&quot;size&quot;:&quot;50&quot;,&quot;sizes&quot;:[]},&quot;jet_parallax_layout_bg_x&quot;:&quot;50&quot;,&quot;jet_parallax_layout_bg_y&quot;:&quot;50&quot;,&quot;jet_parallax_layout_on&quot;:[&quot;desktop&quot;,&quot;tablet&quot;,&quot;mobile&quot;],&quot;jet_parallax_layout_type&quot;:&quot;scroll&quot;,&quot;jet_parallax_layout_direction&quot;:&quot;1&quot;,&quot;jet_parallax_layout_fx_direction&quot;:null,&quot;jet_parallax_layout_z_index&quot;:&quot;&quot;,&quot;jet_parallax_layout_bg_x_tablet&quot;:&quot;&quot;,&quot;jet_parallax_layout_bg_x_mobile&quot;:&quot;&quot;,&quot;jet_parallax_layout_bg_y_tablet&quot;:&quot;&quot;,&quot;jet_parallax_layout_bg_y_mobile&quot;:&quot;&quot;,&quot;jet_parallax_layout_bg_size&quot;:&quot;auto&quot;,&quot;jet_parallax_layout_bg_size_tablet&quot;:&quot;&quot;,&quot;jet_parallax_layout_bg_size_mobile&quot;:&quot;&quot;,&quot;jet_parallax_layout_animation_prop&quot;:&quot;transform&quot;}],&quot;background_background&quot;:&quot;video&quot;,&quot;background_video_link&quot;:&quot;https:\\\/\\\/vimeo.com\\\/827400450&quot;,&quot;background_play_on_mobile&quot;:&quot;yes&quot;,&quot;background_privacy_mode&quot;:&quot;yes&quot;}\">\n\t\t<div class=\"elementor-background-video-container\">\n\t\t\t\t\t\t\t<div class=\"elementor-background-video-embed\" role=\"presentation\"><\/div>\n\t\t\t\t\t\t<\/div><div class=\"elementor-element elementor-element-7867813 e-con-full e-flex e-con e-child\" data-id=\"7867813\" data-element_type=\"container\" data-e-type=\"container\" data-settings=\"{&quot;jet_parallax_layout_list&quot;:[]}\">\n\t\t\t\t<\/div>\n\t\t<div class=\"elementor-element elementor-element-6363be5 e-con-full e-flex e-con e-child\" data-id=\"6363be5\" data-element_type=\"container\" data-e-type=\"container\" data-settings=\"{&quot;jet_parallax_layout_list&quot;:[]}\">\n\t\t\t\t<div class=\"elementor-element elementor-element-894b21b elementor-widget elementor-widget-heading\" data-id=\"894b21b\" data-element_type=\"widget\" data-e-type=\"widget\" data-widget_type=\"heading.default\">\n\t\t\t\t\t<h1 class=\"elementor-heading-title elementor-size-default\">Holiday Villas, Yachts &amp; Beyond in G\u00f6cek<\/h1>\t\t\t\t<\/div>\n\t\t\t\t<\/div>\n\t\t<div class=\"elementor-element elementor-element-d6be4ed e-con-full e-flex e-con e-child\" data-id=\"d6be4ed\" data-element_type=\"container\" data-e-type=\"container\" data-settings=\"{&quot;jet_parallax_layout_list&quot;:[]}\">\n\t\t\t\t<\/div>\n\t\t\t\t<\/div>\n\t\t\t\t<section class=\"elementor-section elementor-top-section elementor-element elementor-element-c292c29 elementor-section-boxed elementor-section-height-default elementor-section-height-default\" data-id=\"c292c29\" data-element_type=\"section\" data-e-type=\"section\" data-settings=\"{&quot;jet_parallax_layout_list&quot;:[]}\">\n\t\t\t\t\t\t<div class=\"elementor-container elementor-column-gap-default\">\n\t\t\t\t\t<div class=\"elementor-column elementor-col-100 elementor-top-column elementor-element elementor-element-595dd51\" data-id=\"595dd51\" data-element_type=\"column\" data-e-type=\"column\">\n\t\t\t<div class=\"elementor-widget-wrap\">\n\t\t\t\t\t\t\t<\/div>\n\t\t<\/div>\n\t\t\t\t\t<\/div>\n\t\t<\/section>\n\t\t<div class=\"elementor-element elementor-element-b09bbdd e-flex e-con-boxed e-con e-parent\" data-id=\"b09bbdd\" data-element_type=\"container\" data-e-type=\"container\" data-settings=\"{&quot;jet_parallax_layout_list&quot;:[]}\">\n\t\t\t\t\t<div class=\"e-con-inner\">\n\t\t<div class=\"elementor-element elementor-element-848efd8 e-con-full e-flex e-con e-child\" data-id=\"848efd8\" data-element_type=\"container\" data-e-type=\"container\" data-settings=\"{&quot;jet_parallax_layout_list&quot;:[]}\">\n\t\t\t\t<div class=\"elementor-element elementor-element-ea4fec0 elementor-widget elementor-widget-raven-advanced-posts\" data-id=\"ea4fec0\" data-element_type=\"widget\" data-e-type=\"widget\" data-settings=\"{&quot;columns&quot;:&quot;2&quot;,&quot;general_layout&quot;:&quot;grid&quot;,&quot;columns_tablet&quot;:&quot;2&quot;,&quot;columns_mobile&quot;:&quot;1&quot;,&quot;query_posts_per_page&quot;:6,&quot;query_orderby&quot;:&quot;date&quot;,&quot;query_offset&quot;:0}\" data-widget_type=\"raven-advanced-posts.default\">\n\t\t\t\t<div class=\"elementor-widget-container\">\n\t\t\t\t\t\t\t<div class=\"raven-posts raven-posts-grid\">\n\t\t\t\t\t\t<div class=\"advanced-posts-content content-layout-under-image raven-grid raven-grid-2 raven-grid-mobile-1 raven-grid-tablet-2\" data-post-id=\"2727\" data-archive-query=\"\">\n\t\t\t\t<div class=\"raven-posts-item raven-grid-item\"><div class=\"raven-post-wrapper\"><div class=\"raven-post\"><div class=\"raven-post-image-wrap\"><a class=\"raven-post-image raven-image-fit\" href=\"https:\/\/gocekjourney.com\/en\/portfolio\/cleaning-and-house-keeping\/\"> <img loading=\"lazy\" decoding=\"async\" width=\"1024\" height=\"768\" src=\"https:\/\/gocekjourney.com\/wp-content\/uploads\/2023\/05\/villa-paradise-gocek-journey013-1024x768.jpg\" class=\"attachment-large size-large wp-image-2639\" alt=\"\" srcset=\"https:\/\/gocekjourney.com\/wp-content\/uploads\/2023\/05\/villa-paradise-gocek-journey013-1024x768.jpg 1024w, https:\/\/gocekjourney.com\/wp-content\/uploads\/2023\/05\/villa-paradise-gocek-journey013-300x225.jpg 300w, https:\/\/gocekjourney.com\/wp-content\/uploads\/2023\/05\/villa-paradise-gocek-journey013-768x576.jpg 768w, https:\/\/gocekjourney.com\/wp-content\/uploads\/2023\/05\/villa-paradise-gocek-journey013-1536x1152.jpg 1536w, https:\/\/gocekjourney.com\/wp-content\/uploads\/2023\/05\/villa-paradise-gocek-journey013-2048x1536.jpg 2048w, https:\/\/gocekjourney.com\/wp-content\/uploads\/2023\/05\/villa-paradise-gocek-journey013-16x12.jpg 16w, https:\/\/gocekjourney.com\/wp-content\/uploads\/2023\/05\/villa-paradise-gocek-journey013-1067x800.jpg 1067w, https:\/\/gocekjourney.com\/wp-content\/uploads\/2023\/05\/villa-paradise-gocek-journey013-1440x1080.jpg 1440w, https:\/\/gocekjourney.com\/wp-content\/uploads\/2023\/05\/villa-paradise-gocek-journey013-667x500.jpg 667w\" sizes=\"auto, (max-width: 1024px) 100vw, 1024px\" \/><span class=\"raven-post-image-overlay\"><\/span><\/a><\/div><div class=\"raven-post-content\" data-id=\"2781\"><h3 class=\"raven-post-title\"><a class=\"raven-post-title-link\" href=\"https:\/\/gocekjourney.com\/en\/portfolio\/cleaning-and-house-keeping\/\">Cleaning and Housekeeping<\/a><\/h3><div class=\"raven-post-excerpt\">As a villa rental company in Gocek, it's important to prioritize cleaning services to ensure that your guests have the best possible experience during their stay.<\/div><\/div><\/div><\/div><\/div><div class=\"raven-posts-item raven-grid-item\"><div class=\"raven-post-wrapper\"><div class=\"raven-post\"><div class=\"raven-post-image-wrap\"><a class=\"raven-post-image raven-image-fit\" href=\"https:\/\/gocekjourney.com\/en\/portfolio\/bodrum-international-airport-transfer\/\"> <img loading=\"lazy\" decoding=\"async\" width=\"1024\" height=\"683\" src=\"https:\/\/gocekjourney.com\/wp-content\/uploads\/2023\/05\/bodrum-havalimani-gocek-journey-1024x683.jpg\" class=\"attachment-large size-large wp-image-2761\" alt=\"\" srcset=\"https:\/\/gocekjourney.com\/wp-content\/uploads\/2023\/05\/bodrum-havalimani-gocek-journey-1024x683.jpg 1024w, https:\/\/gocekjourney.com\/wp-content\/uploads\/2023\/05\/bodrum-havalimani-gocek-journey-600x400.jpg 600w, https:\/\/gocekjourney.com\/wp-content\/uploads\/2023\/05\/bodrum-havalimani-gocek-journey-300x200.jpg 300w, https:\/\/gocekjourney.com\/wp-content\/uploads\/2023\/05\/bodrum-havalimani-gocek-journey-768x512.jpg 768w, https:\/\/gocekjourney.com\/wp-content\/uploads\/2023\/05\/bodrum-havalimani-gocek-journey-18x12.jpg 18w, https:\/\/gocekjourney.com\/wp-content\/uploads\/2023\/05\/bodrum-havalimani-gocek-journey-750x500.jpg 750w, https:\/\/gocekjourney.com\/wp-content\/uploads\/2023\/05\/bodrum-havalimani-gocek-journey.jpg 1200w\" sizes=\"auto, (max-width: 1024px) 100vw, 1024px\" \/><span class=\"raven-post-image-overlay\"><\/span><\/a><\/div><div class=\"raven-post-content\" data-id=\"2759\"><h3 class=\"raven-post-title\"><a class=\"raven-post-title-link\" href=\"https:\/\/gocekjourney.com\/en\/portfolio\/bodrum-international-airport-transfer\/\">Bodrum International Airport Transfer<\/a><\/h3><div class=\"raven-post-excerpt\">Bodrum International Airport, located in the southwestern part of Turkey, serves as a gateway to the beautiful resort town of Bodrum and its surrounding areas<\/div><\/div><\/div><\/div><\/div><div class=\"raven-posts-item raven-grid-item\"><div class=\"raven-post-wrapper\"><div class=\"raven-post\"><div class=\"raven-post-image-wrap\"><a class=\"raven-post-image raven-image-fit\" href=\"https:\/\/gocekjourney.com\/en\/portfolio\/dalaman-international-airport-transfer\/\"> <img loading=\"lazy\" decoding=\"async\" width=\"1024\" height=\"465\" src=\"https:\/\/gocekjourney.com\/wp-content\/uploads\/2023\/05\/dalaman-airport-transfer-gocekjourney-1024x465.jpg\" class=\"attachment-large size-large wp-image-2735\" alt=\"\" srcset=\"https:\/\/gocekjourney.com\/wp-content\/uploads\/2023\/05\/dalaman-airport-transfer-gocekjourney-1024x465.jpg 1024w, https:\/\/gocekjourney.com\/wp-content\/uploads\/2023\/05\/dalaman-airport-transfer-gocekjourney-300x136.jpg 300w, https:\/\/gocekjourney.com\/wp-content\/uploads\/2023\/05\/dalaman-airport-transfer-gocekjourney-768x349.jpg 768w, https:\/\/gocekjourney.com\/wp-content\/uploads\/2023\/05\/dalaman-airport-transfer-gocekjourney-1536x697.jpg 1536w, https:\/\/gocekjourney.com\/wp-content\/uploads\/2023\/05\/dalaman-airport-transfer-gocekjourney-18x8.jpg 18w, https:\/\/gocekjourney.com\/wp-content\/uploads\/2023\/05\/dalaman-airport-transfer-gocekjourney-1280x581.jpg 1280w, https:\/\/gocekjourney.com\/wp-content\/uploads\/2023\/05\/dalaman-airport-transfer-gocekjourney-1920x872.jpg 1920w, https:\/\/gocekjourney.com\/wp-content\/uploads\/2023\/05\/dalaman-airport-transfer-gocekjourney-800x363.jpg 800w, https:\/\/gocekjourney.com\/wp-content\/uploads\/2023\/05\/dalaman-airport-transfer-gocekjourney.jpg 2000w\" sizes=\"auto, (max-width: 1024px) 100vw, 1024px\" \/><span class=\"raven-post-image-overlay\"><\/span><\/a><\/div><div class=\"raven-post-content\" data-id=\"2731\"><h3 class=\"raven-post-title\"><a class=\"raven-post-title-link\" href=\"https:\/\/gocekjourney.com\/en\/portfolio\/dalaman-international-airport-transfer\/\">Dalaman International Airport Transfer<\/a><\/h3><div class=\"raven-post-excerpt\">Our villa rental company in Gocek offers safe and legal airport transfer services from Dalaman Airport to our customers' rental villas.<\/div><\/div><\/div><\/div><\/div><div class=\"raven-posts-item raven-grid-item\"><div class=\"raven-post-wrapper\"><div class=\"raven-post\"><div class=\"raven-post-image-wrap\"><a class=\"raven-post-image raven-image-fit\" href=\"https:\/\/gocekjourney.com\/en\/portfolio\/antalya-international-airport-transfer\/\"> <img loading=\"lazy\" decoding=\"async\" width=\"1024\" height=\"683\" src=\"https:\/\/gocekjourney.com\/wp-content\/uploads\/2023\/05\/bodrum-havalimani-gocek-journey-1024x683.jpg\" class=\"attachment-large size-large wp-image-2761\" alt=\"\" srcset=\"https:\/\/gocekjourney.com\/wp-content\/uploads\/2023\/05\/bodrum-havalimani-gocek-journey-1024x683.jpg 1024w, https:\/\/gocekjourney.com\/wp-content\/uploads\/2023\/05\/bodrum-havalimani-gocek-journey-600x400.jpg 600w, https:\/\/gocekjourney.com\/wp-content\/uploads\/2023\/05\/bodrum-havalimani-gocek-journey-300x200.jpg 300w, https:\/\/gocekjourney.com\/wp-content\/uploads\/2023\/05\/bodrum-havalimani-gocek-journey-768x512.jpg 768w, https:\/\/gocekjourney.com\/wp-content\/uploads\/2023\/05\/bodrum-havalimani-gocek-journey-18x12.jpg 18w, https:\/\/gocekjourney.com\/wp-content\/uploads\/2023\/05\/bodrum-havalimani-gocek-journey-750x500.jpg 750w, https:\/\/gocekjourney.com\/wp-content\/uploads\/2023\/05\/bodrum-havalimani-gocek-journey.jpg 1200w\" sizes=\"auto, (max-width: 1024px) 100vw, 1024px\" \/><span class=\"raven-post-image-overlay\"><\/span><\/a><\/div><div class=\"raven-post-content\" data-id=\"2789\"><h3 class=\"raven-post-title\"><a class=\"raven-post-title-link\" href=\"https:\/\/gocekjourney.com\/en\/portfolio\/antalya-international-airport-transfer\/\">Antalya International Airport Transfer<\/a><\/h3><div class=\"raven-post-excerpt\">Experience a seamless and luxurious start to your vacation with our premium airport transfer service. As soon as you step off the plane at Antalya International Airport,<\/div><\/div><\/div><\/div><\/div>\t\t\t<\/div>\n\t\t\t\t\t<\/div>\n\t\t\t\t\t\t<\/div>\n\t\t\t\t<\/div>\n\t\t\t\t<\/div>\n\t\t\t\t\t<\/div>\n\t\t\t\t<\/div>\n\t\t\t\t<\/div>","protected":false},"excerpt":{"rendered":"<p>Holiday Villas, Yachts &amp; Beyond in G\u00f6cek Temizlik ve Oda Temizli\u011fi Temizlik ve Oda Temizli\u011fi G\u00f6cek&#8217;te bir villa kiralama \u015firketi olarak, misafirlerinizin konaklamalar\u0131 boyunca m\u00fcmk\u00fcn olan en iyi deneyimi Bodrum Uluslararas\u0131 Hava Liman\u0131 Holiday Villas, Yachts &amp; Beyond in G\u00f6cek T\u00fcrkiye&#8217;nin g\u00fcneybat\u0131s\u0131nda yer alan Bodrum Uluslararas\u0131 Havaalan\u0131, g\u00fczel tatil beldesi Bodrum&#8217;a Dalaman Uluslararas\u0131 Havaalan\u0131 Transferi [&hellip;]<\/p>","protected":false},"author":1,"featured_media":1971,"parent":0,"menu_order":0,"comment_status":"closed","ping_status":"closed","template":"elementor_header_footer","meta":{"_acf_changed":false,"footnotes":""},"class_list":["post-2727","page","type-page","status-publish","has-post-thumbnail","hentry"],"acf":[],"_links":{"self":[{"href":"https:\/\/gocekjourney.com\/en\/wp-json\/wp\/v2\/pages\/2727","targetHints":{"allow":["GET"]}}],"collection":[{"href":"https:\/\/gocekjourney.com\/en\/wp-json\/wp\/v2\/pages"}],"about":[{"href":"https:\/\/gocekjourney.com\/en\/wp-json\/wp\/v2\/types\/page"}],"author":[{"embeddable":true,"href":"https:\/\/gocekjourney.com\/en\/wp-json\/wp\/v2\/users\/1"}],"replies":[{"embeddable":true,"href":"https:\/\/gocekjourney.com\/en\/wp-json\/wp\/v2\/comments?post=2727"}],"version-history":[{"count":0,"href":"https:\/\/gocekjourney.com\/en\/wp-json\/wp\/v2\/pages\/2727\/revisions"}],"wp:featuredmedia":[{"embeddable":true,"href":"https:\/\/gocekjourney.com\/en\/wp-json\/wp\/v2\/media\/1971"}],"wp:attachment":[{"href":"https:\/\/gocekjourney.com\/en\/wp-json\/wp\/v2\/media?parent=2727"}],"curies":[{"name":"wp","href":"https:\/\/api.w.org\/{rel}","templated":true}]}}